{"id":2525,"date":"2023-07-22T13:54:10","date_gmt":"2023-07-22T19:54:10","guid":{"rendered":"https:\/\/real-hearing.com\/exoneracao\/"},"modified":"2023-07-22T13:54:11","modified_gmt":"2023-07-22T19:54:11","slug":"exoneracao","status":"publish","type":"page","link":"https:\/\/real-hearing.com\/po\/exoneracao\/","title":{"rendered":"Exonera\u00e7\u00e3o."},"content":{"rendered":"\t\t<div data-elementor-type=\"wp-page\" data-elementor-id=\"2525\" class=\"elementor elementor-2525 elementor-2040\" data-elementor-post-type=\"page\">\n\t\t\t\t\t\t<section class=\"elementor-section elementor-top-section elementor-element elementor-element-7a09a44 elementor-section-boxed elementor-section-height-default elementor-section-height-default\" data-id=\"7a09a44\" data-element_type=\"section\" data-e-type=\"section\" data-settings=\"{&quot;sticky&quot;:&quot;top&quot;,&quot;background_background&quot;:&quot;classic&quot;,&quot;background_motion_fx_motion_fx_scrolling&quot;:&quot;yes&quot;,&quot;background_motion_fx_opacity_effect&quot;:&quot;yes&quot;,&quot;background_motion_fx_opacity_range&quot;:{&quot;unit&quot;:&quot;%&quot;,&quot;size&quot;:&quot;&quot;,&quot;sizes&quot;:{&quot;start&quot;:0,&quot;end&quot;:17}},&quot;background_motion_fx_range&quot;:&quot;page&quot;,&quot;background_motion_fx_devices&quot;:[&quot;desktop&quot;,&quot;tablet&quot;],&quot;background_motion_fx_opacity_direction&quot;:&quot;out-in&quot;,&quot;background_motion_fx_opacity_level&quot;:{&quot;unit&quot;:&quot;px&quot;,&quot;size&quot;:10,&quot;sizes&quot;:[]},&quot;sticky_on&quot;:[&quot;desktop&quot;,&quot;tablet_extra&quot;,&quot;tablet&quot;,&quot;mobile_extra&quot;,&quot;mobile&quot;],&quot;sticky_offset&quot;:0,&quot;sticky_effects_offset&quot;:0,&quot;sticky_anchor_link_offset&quot;:0}\">\n\t\t\t\t\t\t<div class=\"elementor-container elementor-column-gap-default\">\n\t\t\t\t\t<div class=\"elementor-column elementor-col-50 elementor-top-column elementor-element elementor-element-1d7698b\" data-id=\"1d7698b\" data-element_type=\"column\" data-e-type=\"column\">\n\t\t\t<div class=\"elementor-widget-wrap elementor-element-populated\">\n\t\t\t\t\t\t<div class=\"elementor-element elementor-element-0852ded elementor-widget elementor-widget-image\" data-id=\"0852ded\" data-element_type=\"widget\" data-e-type=\"widget\" data-widget_type=\"image.default\">\n\t\t\t\t<div class=\"elementor-widget-container\">\n\t\t\t\t\t\t\t\t\t\t\t\t\t\t\t\t<a href=\"https:\/\/real-hearing.com\/po\/\">\n\t\t\t\t\t\t\t<img fetchpriority=\"high\" decoding=\"async\" width=\"729\" height=\"172\" src=\"https:\/\/real-hearing.com\/wp-content\/uploads\/2021\/07\/logo_rh_eng.svg\" class=\"attachment-full size-full wp-image-103\" alt=\"\" \/>\t\t\t\t\t\t\t\t<\/a>\n\t\t\t\t\t\t\t\t\t\t\t\t\t\t\t<\/div>\n\t\t\t\t<\/div>\n\t\t\t\t\t<\/div>\n\t\t<\/div>\n\t\t\t\t<div class=\"elementor-column elementor-col-50 elementor-top-column elementor-element elementor-element-728ffcc\" data-id=\"728ffcc\" data-element_type=\"column\" data-e-type=\"column\">\n\t\t\t<div class=\"elementor-widget-wrap elementor-element-populated\">\n\t\t\t\t\t\t<div class=\"elementor-element elementor-element-b690999 elementor-widget elementor-widget-wpml-language-switcher\" data-id=\"b690999\" data-element_type=\"widget\" data-e-type=\"widget\" data-widget_type=\"wpml-language-switcher.default\">\n\t\t\t\t<div class=\"elementor-widget-container\">\n\t\t\t\t\t<div class=\"wpml-elementor-ls\">\n<div role=\"navigation\" aria-label=\"Language Switcher\" class=\"wpml-ls-statics-footer wpml-ls wpml-ls-legacy-list-horizontal\">\n\t<ul><li class=\"wpml-ls-slot-footer wpml-ls-item wpml-ls-item-en wpml-ls-first-item wpml-ls-item-legacy-list-horizontal\">\n\t\t\t\t<a href=\"https:\/\/real-hearing.com\/\" hreflang=\"en\" lang=\"en\" class=\"wpml-ls-link\" aria-label=\"Switch to English\" title=\"Switch to English\">\n\t\t\t\t\t                                    <img decoding=\"async\"\n            class=\"wpml-ls-flag\"\n            src=\"https:\/\/real-hearing.com\/wp-content\/uploads\/flags\/us.png\"\n            alt=\"English\"\n            loading=\"lazy\"\n            width=18\n            height=12\n    \/><\/a>\n\t\t\t<\/li><li class=\"wpml-ls-slot-footer wpml-ls-item wpml-ls-item-es wpml-ls-item-legacy-list-horizontal\">\n\t\t\t\t<a href=\"https:\/\/real-hearing.com\/es\/\" hreflang=\"es\" lang=\"es\" class=\"wpml-ls-link\" aria-label=\"Switch to Spanish\" title=\"Switch to Spanish\">\n\t\t\t\t\t                                    <img decoding=\"async\"\n            class=\"wpml-ls-flag\"\n            src=\"https:\/\/real-hearing.com\/wp-content\/uploads\/flags\/mx.png\"\n            alt=\"Spanish\"\n            loading=\"lazy\"\n            width=18\n            height=12\n    \/><\/a>\n\t\t\t<\/li><li class=\"wpml-ls-slot-footer wpml-ls-item wpml-ls-item-fr wpml-ls-item-legacy-list-horizontal\">\n\t\t\t\t<a href=\"https:\/\/real-hearing.com\/fr\/\" hreflang=\"fr\" lang=\"fr\" class=\"wpml-ls-link\" aria-label=\"Switch to French\" title=\"Switch to French\">\n\t\t\t\t\t                                    <img decoding=\"async\"\n            class=\"wpml-ls-flag\"\n            src=\"https:\/\/real-hearing.com\/wp-content\/plugins\/sitepress-multilingual-cms\/res\/flags\/fr.png\"\n            alt=\"French\"\n            loading=\"lazy\"\n            width=18\n            height=12\n    \/><\/a>\n\t\t\t<\/li><li class=\"wpml-ls-slot-footer wpml-ls-item wpml-ls-item-de wpml-ls-item-legacy-list-horizontal\">\n\t\t\t\t<a href=\"https:\/\/real-hearing.com\/de\/\" hreflang=\"de\" lang=\"de\" class=\"wpml-ls-link\" aria-label=\"Switch to German\" title=\"Switch to German\">\n\t\t\t\t\t                                    <img decoding=\"async\"\n            class=\"wpml-ls-flag\"\n            src=\"https:\/\/real-hearing.com\/wp-content\/plugins\/sitepress-multilingual-cms\/res\/flags\/de.png\"\n            alt=\"German\"\n            loading=\"lazy\"\n            width=18\n            height=12\n    \/><\/a>\n\t\t\t<\/li><li class=\"wpml-ls-slot-footer wpml-ls-item wpml-ls-item-it wpml-ls-last-item wpml-ls-item-legacy-list-horizontal\">\n\t\t\t\t<a href=\"https:\/\/real-hearing.com\/it\/\" hreflang=\"it\" lang=\"it\" class=\"wpml-ls-link\" aria-label=\"Switch to Italian\" title=\"Switch to Italian\">\n\t\t\t\t\t                                    <img decoding=\"async\"\n            class=\"wpml-ls-flag\"\n            src=\"https:\/\/real-hearing.com\/wp-content\/plugins\/sitepress-multilingual-cms\/res\/flags\/it.png\"\n            alt=\"Italian\"\n            loading=\"lazy\"\n            width=18\n            height=12\n    \/><\/a>\n\t\t\t<\/li><\/ul>\n<\/div>\n<\/div>\t\t\t\t<\/div>\n\t\t\t\t<\/div>\n\t\t\t\t\t<\/div>\n\t\t<\/div>\n\t\t\t\t\t<\/div>\n\t\t<\/section>\n\t\t\t\t<section class=\"elementor-section elementor-top-section elementor-element elementor-element-742aedf elementor-section-height-min-height elementor-section-items-stretch elementor-section-boxed elementor-section-height-default\" data-id=\"742aedf\" data-element_type=\"section\" data-e-type=\"section\" data-settings=\"{&quot;background_background&quot;:&quot;classic&quot;}\">\n\t\t\t\t\t\t<div class=\"elementor-container elementor-column-gap-default\">\n\t\t\t\t\t<div class=\"elementor-column elementor-col-100 elementor-top-column elementor-element elementor-element-6987c04\" data-id=\"6987c04\" data-element_type=\"column\" data-e-type=\"column\">\n\t\t\t<div class=\"elementor-widget-wrap elementor-element-populated\">\n\t\t\t\t\t\t<section class=\"elementor-section elementor-inner-section elementor-element elementor-element-b5b73f5 elementor-section-boxed elementor-section-height-default elementor-section-height-default elementor-invisible\" data-id=\"b5b73f5\" data-element_type=\"section\" data-e-type=\"section\" data-settings=\"{&quot;animation&quot;:&quot;fadeInUp&quot;}\">\n\t\t\t\t\t\t<div class=\"elementor-container elementor-column-gap-default\">\n\t\t\t\t\t<div class=\"elementor-column elementor-col-50 elementor-inner-column elementor-element elementor-element-4132153\" data-id=\"4132153\" data-element_type=\"column\" data-e-type=\"column\" data-settings=\"{&quot;animation&quot;:&quot;none&quot;,&quot;animation_delay&quot;:300}\">\n\t\t\t<div class=\"elementor-widget-wrap elementor-element-populated\">\n\t\t\t\t\t\t<div class=\"elementor-element elementor-element-ba4fc49 elementor-invisible elementor-widget elementor-widget-heading\" data-id=\"ba4fc49\" data-element_type=\"widget\" data-e-type=\"widget\" data-settings=\"{&quot;_animation&quot;:&quot;fadeInDown&quot;,&quot;_animation_delay&quot;:0}\" data-widget_type=\"heading.default\">\n\t\t\t\t<div class=\"elementor-widget-container\">\n\t\t\t\t\t<h2 class=\"elementor-heading-title elementor-size-default\"><a href=\"https:\/\/real-hearing.com\/wp-content\/uploads\/2021\/12\/virtual_meeting_platforms_comparison.pdf\" target=\"_blank\">Exonera\u00e7\u00e3o da Real Hearing<\/a><\/h2>\t\t\t\t<\/div>\n\t\t\t\t<\/div>\n\t\t\t\t<div class=\"elementor-element elementor-element-0b9709e elementor-widget-divider--view-line elementor-invisible elementor-widget elementor-widget-divider\" data-id=\"0b9709e\" data-element_type=\"widget\" data-e-type=\"widget\" data-settings=\"{&quot;_animation&quot;:&quot;fadeInLeft&quot;}\" data-widget_type=\"divider.default\">\n\t\t\t\t<div class=\"elementor-widget-container\">\n\t\t\t\t\t\t\t<div class=\"elementor-divider\">\n\t\t\t<span class=\"elementor-divider-separator\">\n\t\t\t\t\t\t<\/span>\n\t\t<\/div>\n\t\t\t\t\t\t<\/div>\n\t\t\t\t<\/div>\n\t\t\t\t<div class=\"elementor-element elementor-element-c99a95e elementor-widget elementor-widget-text-editor\" data-id=\"c99a95e\" data-element_type=\"widget\" data-e-type=\"widget\" data-widget_type=\"text-editor.default\">\n\t\t\t\t<div class=\"elementor-widget-container\">\n\t\t\t\t\t\t\t\t\t<p>Na Real Hearing, n\u00f3s nos dedicamos a fornecer o melhor etiquetamento (<em>\u201cdiarisation\u201d)<\/em> do palestrante. Embora os modelos atuais s\u00f3 funcionem para transcri\u00e7\u00f5es assincr\u00f4nicas, n\u00f3s estamos trabalhando para melhorar a transcri\u00e7\u00e3o em tempo real.<\/p>\n<p>Alguns fatores podem afetar a precis\u00e3o dos modelos de \u201c<em>diarisation\u201d<\/em> do palestrante. O tempo de conversa \u00e9 um deles. Se um palestrante fala menos de 15 segundos, pode ser dif\u00edcil para o modelo identificar se \u00e9 ele ou ela. Geralmente, \u00e9 recomend\u00e1vel que um palestrante fale por mais de 30 segundos, para poder ser identificado com precis\u00e3o.<\/p>\n<p>A velocidade e o tipo de comunica\u00e7\u00e3o tamb\u00e9m t\u00eam um impacto sobre a precis\u00e3o. Se a conversa for clara e organizada, e se houver pouco ru\u00eddo no ambiente, \u00e9 mais prov\u00e1vel que o modelo identifique corretamente cada palestrante. Portanto, para um adequado funcionamento, \u00e9 essencial falar claramente, manter um ritmo adequado, evitar interrup\u00e7\u00f5es, e que o palestrante que n\u00e3o estiver participando ativamente desligue seus microfones.<\/p>\n<h2>Obrigado por escolher a Real Hearing.<\/h2>\n\t\t\t\t\t\t\t\t<\/div>\n\t\t\t\t<\/div>\n\t\t\t\t<div class=\"elementor-element elementor-element-fad5333 elementor-widget elementor-widget-text-editor\" data-id=\"fad5333\" data-element_type=\"widget\" data-e-type=\"widget\" data-widget_type=\"text-editor.default\">\n\t\t\t\t<div class=\"elementor-widget-container\">\n\t\t\t\t\t\t\t\t\t<p><span style=\"color: #cc99ff;\">[1] <strong>Diarisation:<\/strong><\/span> : O processo de identificar e etiquetar palestrantes em um arquivo de \u00e1udio ou de grava\u00e7\u00e3o de voz. A meta do etiquetamento (\u201c<em>diarisation\u201d<\/em>) \u00e9 separar uma grava\u00e7\u00e3o de \u00e1udio em segmentos individuais para cada palestrante e assignar uma \u00fanica etiqueta a cada palestrante.<\/p>\n\t\t\t\t\t\t\t\t<\/div>\n\t\t\t\t<\/div>\n\t\t\t\t\t<\/div>\n\t\t<\/div>\n\t\t\t\t<div class=\"elementor-column elementor-col-50 elementor-inner-column elementor-element elementor-element-021ea7e\" data-id=\"021ea7e\" data-element_type=\"column\" data-e-type=\"column\">\n\t\t\t<div class=\"elementor-widget-wrap\">\n\t\t\t\t\t\t\t<\/div>\n\t\t<\/div>\n\t\t\t\t\t<\/div>\n\t\t<\/section>\n\t\t\t\t\t<\/div>\n\t\t<\/div>\n\t\t\t\t\t<\/div>\n\t\t<\/section>\n\t\t\t\t<section class=\"elementor-section elementor-top-section elementor-element elementor-element-0655512 elementor-section-boxed elementor-section-height-default elementor-section-height-default\" data-id=\"0655512\" data-element_type=\"section\" data-e-type=\"section\" data-settings=\"{&quot;background_background&quot;:&quot;classic&quot;}\">\n\t\t\t\t\t\t<div class=\"elementor-container elementor-column-gap-default\">\n\t\t\t\t\t<div class=\"elementor-column elementor-col-100 elementor-top-column elementor-element elementor-element-90685fe\" data-id=\"90685fe\" data-element_type=\"column\" data-e-type=\"column\">\n\t\t\t<div class=\"elementor-widget-wrap elementor-element-populated\">\n\t\t\t\t\t\t<div class=\"elementor-element elementor-element-a150e86 elementor-widget elementor-widget-text-editor\" data-id=\"a150e86\" data-element_type=\"widget\" data-e-type=\"widget\" data-widget_type=\"text-editor.default\">\n\t\t\t\t<div class=\"elementor-widget-container\">\n\t\t\t\t\t\t\t\t\tDireito autoral Real Hearing \u00a9 2026\t\t\t\t\t\t\t\t<\/div>\n\t\t\t\t<\/div>\n\t\t\t\t\t<\/div>\n\t\t<\/div>\n\t\t\t\t\t<\/div>\n\t\t<\/section>\n\t\t\t\t<\/div>\n\t\t","protected":false},"excerpt":{"rendered":"<p>Exonera\u00e7\u00e3o da Real Hearing Na Real Hearing, n\u00f3s nos dedicamos a fornecer o melhor etiquetamento (\u201cdiarisation\u201d) do palestrante. Embora os modelos atuais s\u00f3 funcionem para transcri\u00e7\u00f5es assincr\u00f4nicas, n\u00f3s estamos trabalhando para melhorar a transcri\u00e7\u00e3o em tempo real. Alguns fatores podem afetar a precis\u00e3o dos modelos de \u201cdiarisation\u201d do palestrante. O tempo de conversa \u00e9 um [&hellip;]<\/p>\n","protected":false},"author":1,"featured_media":0,"parent":0,"menu_order":0,"comment_status":"closed","ping_status":"closed","template":"elementor_canvas","meta":{"content-type":"","inline_featured_image":false,"footnotes":""},"class_list":["post-2525","page","type-page","status-publish","hentry"],"yoast_head":"<!-- This site is optimized with the Yoast SEO plugin v27.3 - https:\/\/yoast.com\/product\/yoast-seo-wordpress\/ -->\n<title>Exonera\u00e7\u00e3o. - REAL HEARING<\/title>\n<meta name=\"robots\" content=\"index, follow, max-snippet:-1, max-image-preview:large, max-video-preview:-1\" \/>\n<link rel=\"canonical\" href=\"https:\/\/real-hearing.com\/po\/exoneracao\/\" \/>\n<meta property=\"og:locale\" content=\"en_US\" \/>\n<meta property=\"og:type\" content=\"article\" \/>\n<meta property=\"og:title\" content=\"Exonera\u00e7\u00e3o. - REAL HEARING\" \/>\n<meta property=\"og:description\" content=\"Exonera\u00e7\u00e3o da Real Hearing Na Real Hearing, n\u00f3s nos dedicamos a fornecer o melhor etiquetamento (\u201cdiarisation\u201d) do palestrante. Embora os modelos atuais s\u00f3 funcionem para transcri\u00e7\u00f5es assincr\u00f4nicas, n\u00f3s estamos trabalhando para melhorar a transcri\u00e7\u00e3o em tempo real. Alguns fatores podem afetar a precis\u00e3o dos modelos de \u201cdiarisation\u201d do palestrante. O tempo de conversa \u00e9 um [&hellip;]\" \/>\n<meta property=\"og:url\" content=\"https:\/\/real-hearing.com\/po\/exoneracao\/\" \/>\n<meta property=\"og:site_name\" content=\"REAL HEARING\" \/>\n<meta property=\"article:modified_time\" content=\"2023-07-22T19:54:11+00:00\" \/>\n<meta property=\"og:image\" content=\"https:\/\/real-hearing.com\/wp-content\/uploads\/2021\/07\/logo_rh_eng.svg\" \/>\n<meta name=\"twitter:card\" content=\"summary_large_image\" \/>\n<meta name=\"twitter:label1\" content=\"Est. reading time\" \/>\n\t<meta name=\"twitter:data1\" content=\"1 minute\" \/>\n<script type=\"application\/ld+json\" class=\"yoast-schema-graph\">{\"@context\":\"https:\\\/\\\/schema.org\",\"@graph\":[{\"@type\":\"WebPage\",\"@id\":\"https:\\\/\\\/real-hearing.com\\\/po\\\/exoneracao\\\/\",\"url\":\"https:\\\/\\\/real-hearing.com\\\/po\\\/exoneracao\\\/\",\"name\":\"Exonera\u00e7\u00e3o. - REAL HEARING\",\"isPartOf\":{\"@id\":\"https:\\\/\\\/real-hearing.com\\\/po\\\/#website\"},\"primaryImageOfPage\":{\"@id\":\"https:\\\/\\\/real-hearing.com\\\/po\\\/exoneracao\\\/#primaryimage\"},\"image\":{\"@id\":\"https:\\\/\\\/real-hearing.com\\\/po\\\/exoneracao\\\/#primaryimage\"},\"thumbnailUrl\":\"https:\\\/\\\/real-hearing.com\\\/wp-content\\\/uploads\\\/2021\\\/07\\\/logo_rh_eng.svg\",\"datePublished\":\"2023-07-22T19:54:10+00:00\",\"dateModified\":\"2023-07-22T19:54:11+00:00\",\"breadcrumb\":{\"@id\":\"https:\\\/\\\/real-hearing.com\\\/po\\\/exoneracao\\\/#breadcrumb\"},\"inLanguage\":\"po-PO\",\"potentialAction\":[{\"@type\":\"ReadAction\",\"target\":[\"https:\\\/\\\/real-hearing.com\\\/po\\\/exoneracao\\\/\"]}]},{\"@type\":\"ImageObject\",\"inLanguage\":\"po-PO\",\"@id\":\"https:\\\/\\\/real-hearing.com\\\/po\\\/exoneracao\\\/#primaryimage\",\"url\":\"https:\\\/\\\/real-hearing.com\\\/wp-content\\\/uploads\\\/2021\\\/07\\\/logo_rh_eng.svg\",\"contentUrl\":\"https:\\\/\\\/real-hearing.com\\\/wp-content\\\/uploads\\\/2021\\\/07\\\/logo_rh_eng.svg\"},{\"@type\":\"BreadcrumbList\",\"@id\":\"https:\\\/\\\/real-hearing.com\\\/po\\\/exoneracao\\\/#breadcrumb\",\"itemListElement\":[{\"@type\":\"ListItem\",\"position\":1,\"name\":\"Home\",\"item\":\"https:\\\/\\\/real-hearing.com\\\/po\\\/\"},{\"@type\":\"ListItem\",\"position\":2,\"name\":\"Exonera\u00e7\u00e3o.\"}]},{\"@type\":\"WebSite\",\"@id\":\"https:\\\/\\\/real-hearing.com\\\/po\\\/#website\",\"url\":\"https:\\\/\\\/real-hearing.com\\\/po\\\/\",\"name\":\"REAL HEARING\",\"description\":\"as real as sitting at the bench!\",\"potentialAction\":[{\"@type\":\"SearchAction\",\"target\":{\"@type\":\"EntryPoint\",\"urlTemplate\":\"https:\\\/\\\/real-hearing.com\\\/po\\\/?s={search_term_string}\"},\"query-input\":{\"@type\":\"PropertyValueSpecification\",\"valueRequired\":true,\"valueName\":\"search_term_string\"}}],\"inLanguage\":\"po-PO\"}]}<\/script>\n<!-- \/ Yoast SEO plugin. -->","yoast_head_json":{"title":"Exonera\u00e7\u00e3o. - REAL HEARING","robots":{"index":"index","follow":"follow","max-snippet":"max-snippet:-1","max-image-preview":"max-image-preview:large","max-video-preview":"max-video-preview:-1"},"canonical":"https:\/\/real-hearing.com\/po\/exoneracao\/","og_locale":"en_US","og_type":"article","og_title":"Exonera\u00e7\u00e3o. - REAL HEARING","og_description":"Exonera\u00e7\u00e3o da Real Hearing Na Real Hearing, n\u00f3s nos dedicamos a fornecer o melhor etiquetamento (\u201cdiarisation\u201d) do palestrante. Embora os modelos atuais s\u00f3 funcionem para transcri\u00e7\u00f5es assincr\u00f4nicas, n\u00f3s estamos trabalhando para melhorar a transcri\u00e7\u00e3o em tempo real. Alguns fatores podem afetar a precis\u00e3o dos modelos de \u201cdiarisation\u201d do palestrante. O tempo de conversa \u00e9 um [&hellip;]","og_url":"https:\/\/real-hearing.com\/po\/exoneracao\/","og_site_name":"REAL HEARING","article_modified_time":"2023-07-22T19:54:11+00:00","og_image":[{"url":"https:\/\/real-hearing.com\/wp-content\/uploads\/2021\/07\/logo_rh_eng.svg","type":"","width":"","height":""}],"twitter_card":"summary_large_image","twitter_misc":{"Est. reading time":"1 minute"},"schema":{"@context":"https:\/\/schema.org","@graph":[{"@type":"WebPage","@id":"https:\/\/real-hearing.com\/po\/exoneracao\/","url":"https:\/\/real-hearing.com\/po\/exoneracao\/","name":"Exonera\u00e7\u00e3o. - REAL HEARING","isPartOf":{"@id":"https:\/\/real-hearing.com\/po\/#website"},"primaryImageOfPage":{"@id":"https:\/\/real-hearing.com\/po\/exoneracao\/#primaryimage"},"image":{"@id":"https:\/\/real-hearing.com\/po\/exoneracao\/#primaryimage"},"thumbnailUrl":"https:\/\/real-hearing.com\/wp-content\/uploads\/2021\/07\/logo_rh_eng.svg","datePublished":"2023-07-22T19:54:10+00:00","dateModified":"2023-07-22T19:54:11+00:00","breadcrumb":{"@id":"https:\/\/real-hearing.com\/po\/exoneracao\/#breadcrumb"},"inLanguage":"po-PO","potentialAction":[{"@type":"ReadAction","target":["https:\/\/real-hearing.com\/po\/exoneracao\/"]}]},{"@type":"ImageObject","inLanguage":"po-PO","@id":"https:\/\/real-hearing.com\/po\/exoneracao\/#primaryimage","url":"https:\/\/real-hearing.com\/wp-content\/uploads\/2021\/07\/logo_rh_eng.svg","contentUrl":"https:\/\/real-hearing.com\/wp-content\/uploads\/2021\/07\/logo_rh_eng.svg"},{"@type":"BreadcrumbList","@id":"https:\/\/real-hearing.com\/po\/exoneracao\/#breadcrumb","itemListElement":[{"@type":"ListItem","position":1,"name":"Home","item":"https:\/\/real-hearing.com\/po\/"},{"@type":"ListItem","position":2,"name":"Exonera\u00e7\u00e3o."}]},{"@type":"WebSite","@id":"https:\/\/real-hearing.com\/po\/#website","url":"https:\/\/real-hearing.com\/po\/","name":"REAL HEARING","description":"as real as sitting at the bench!","potentialAction":[{"@type":"SearchAction","target":{"@type":"EntryPoint","urlTemplate":"https:\/\/real-hearing.com\/po\/?s={search_term_string}"},"query-input":{"@type":"PropertyValueSpecification","valueRequired":true,"valueName":"search_term_string"}}],"inLanguage":"po-PO"}]}},"_links":{"self":[{"href":"https:\/\/real-hearing.com\/po\/wp-json\/wp\/v2\/pages\/2525","targetHints":{"allow":["GET"]}}],"collection":[{"href":"https:\/\/real-hearing.com\/po\/wp-json\/wp\/v2\/pages"}],"about":[{"href":"https:\/\/real-hearing.com\/po\/wp-json\/wp\/v2\/types\/page"}],"author":[{"embeddable":true,"href":"https:\/\/real-hearing.com\/po\/wp-json\/wp\/v2\/users\/1"}],"replies":[{"embeddable":true,"href":"https:\/\/real-hearing.com\/po\/wp-json\/wp\/v2\/comments?post=2525"}],"version-history":[{"count":1,"href":"https:\/\/real-hearing.com\/po\/wp-json\/wp\/v2\/pages\/2525\/revisions"}],"predecessor-version":[{"id":2526,"href":"https:\/\/real-hearing.com\/po\/wp-json\/wp\/v2\/pages\/2525\/revisions\/2526"}],"wp:attachment":[{"href":"https:\/\/real-hearing.com\/po\/wp-json\/wp\/v2\/media?parent=2525"}],"curies":[{"name":"wp","href":"https:\/\/api.w.org\/{rel}","templated":true}]}}